{"id":7839,"date":"2023-09-06T16:02:26","date_gmt":"2023-09-06T13:02:26","guid":{"rendered":"http:\/\/fenixgrup.com\/?page_id=7839"},"modified":"2023-09-06T16:06:15","modified_gmt":"2023-09-06T13:06:15","slug":"kvkk","status":"publish","type":"page","link":"http:\/\/fenixgrup.com\/index.php\/kvkk\/","title":{"rendered":"KVKK"},"content":{"rendered":"\t\t<div data-elementor-type=\"wp-page\" data-elementor-id=\"7839\" class=\"elementor elementor-7839\">\n\t\t\t\t\t\t<div class=\"elementor-section elementor-top-section elementor-element elementor-element-45ae4fa elementor-section-boxed elementor-section-height-default elementor-section-height-default e-parent\" data-id=\"45ae4fa\" data-element_type=\"section\">\n\t\t\t\t\t\t<div class=\"elementor-container elementor-column-gap-default\">\n\t\t\t\t\t<div class=\"elementor-column elementor-col-100 elementor-top-column elementor-element elementor-element-c21dbbd lakit-col-width-auto-no\" data-id=\"c21dbbd\" data-element_type=\"column\">\n\t\t\t<div class=\"elementor-widget-wrap elementor-element-populated\">\n\t\t\t\t\t\t<div class=\"elementor-element elementor-element-314829e elementor-widget elementor-widget-text-editor\" data-id=\"314829e\" data-element_type=\"widget\" data-widget_type=\"text-editor.default\">\n\t\t\t\t<div class=\"elementor-widget-container\">\n\t\t\t\t\t\t\t\t\t<p>KVKK AYDINLATMA METN\u0130 \u2022 Tan\u0131mlar Ki\u015fisel Veri: Kimli\u011fi belirli veya belirlenebilir ger\u00e7ek ki\u015fiye ili\u015fkin her t\u00fcrl\u00fc bilgiyi, Ki\u015fisel Verilerin Korunmas\u0131 Kanunu (\u201cKVKK\u201d): 6698 say\u0131l\u0131 Ki\u015fisel Verilerin Korunmas\u0131 Kanunu\u2019nu, \u201cFenix\u201d: Fenix Dekorasyon \u0130n\u015faat Turizm Ticaret Anonim \u015eirketi\u2019ni Bah\u00e7elievler Mahallesi Piri Reis Cad. No 10 \/ 1 Muratpa\u015fa\/Antalya Antalya Kur.V.D.B\u015fk. 2960411993 Mersis 0296041199300001 (0242) 244 64 63 info@fenixgrup.com Veri \u0130\u015fleyen: Veri sorumlusunun verdi\u011fi yetkiye dayanarak onun ad\u0131na Ki\u015fisel Verileri i\u015fleyen ger\u00e7ek veya t\u00fczel ki\u015fiyi, Veri Sorumlusu: Ki\u015fisel Verilerin i\u015fleme ama\u00e7lar\u0131n\u0131 ve vas\u0131talar\u0131n\u0131 belirleyen, veri kay\u0131t sisteminin kurulmas\u0131ndan ve y\u00f6netilmesinden sorumlu olan ger\u00e7ek veya t\u00fczel ki\u015fiyi, \u0130lgili Ki\u015fi: Ki\u015fisel verisi i\u015flenen ger\u00e7ek ki\u015fiyi ifade eder.Say\u0131n \u0130lgili, 6698 Say\u0131l\u0131 Ki\u015fisel Verilerin Korunmas\u0131 Kanunu (KVKK) kapsam\u0131nda ki\u015fisel verileriniz Fenix Dekorasyon \u0130n\u015faat Turizm Ticaret Anonim \u015eirketi \u201cFenix\u201d taraf\u0131ndan Veri Sorumlusu s\u0131fat\u0131 ile i\u015flenecektir. \u2022 Ki\u015fisel Verilerinizin i\u015flenmesi Bu verilerin elde edilmesi, kaydedilmesi, depolanmas\u0131, muhafaza edilmesi, de\u011fi\u015ftirilmesi, yeniden d\u00fczenlenmesi, a\u00e7\u0131klanmas\u0131, aktar\u0131lmas\u0131, devral\u0131nmas\u0131, elde edilebilir hale getirilmesi, s\u0131n\u0131fland\u0131r\u0131lmas\u0131 ya da kullan\u0131lmas\u0131n\u0131n engellenmesi gibi veriler \u00fczerinde ger\u00e7ekle\u015ftirilen her t\u00fcrl\u00fc i\u015flemdir. \u2022 Bilgilendirme Metni Amac\u0131 Bu bilgilendirme, \u201cFenix\u201din s\u00f6zle\u015fme yapt\u0131\u011f\u0131 ki\u015filerin ki\u015fisel verilerinin hangilerini ne ama\u00e7la toplanaca\u011f\u0131n\u0131 ne kadar s\u00fcre tutulaca\u011f\u0131n\u0131, verilerin kimlere ve hangi ama\u00e7la aktar\u0131labilece\u011fi, ki\u015fisel verilerin toplanma y\u00f6ntemi ve hukuki sebepleri ile ki\u015fisel verileriniz \u00fczerindeki haklar\u0131n\u0131z\u0131 anlatmak ve a\u00e7\u0131k r\u0131za k\u0131sm\u0131nda belirtilen hususlarda a\u00e7\u0131k r\u0131za temini amac\u0131yla yap\u0131lmaktad\u0131r. \u2022 Ki\u015fisel Verilerin Toplanma Amac\u0131 \u201cFenix\u201d taraf\u0131ndan ki\u015fisel verileriniz a\u015fa\u011f\u0131da belirtilen ama\u00e7 ve hukuki sebepler gibi ancak bunlarla s\u0131n\u0131rl\u0131 olmayan benzer ama\u00e7 ve sebeplerle i\u015flenebilir. S\u00f6zle\u015fmenin taraf\u0131 veya hizmet talep edenleri verileri; \u2022 \u201cFenix\u201din ticari, mali, hukuki sorumluluk ve y\u00fck\u00fcml\u00fcl\u00fcklerin ger\u00e7ekle\u015ftirilmesi, \u2022 S\u00f6zle\u015fmenin i\u00e7eri\u011finin ger\u00e7ekle\u015ftirilebilmesi, \u2022 Genel ve ki\u015fiye \u00f6zel \u00fcr\u00fcn, hizmet ve imkanlardan yararland\u0131r\u0131labilmesi, \u2022 \u015eirketimiz taraf\u0131ndan sunulan \u00fcr\u00fcn ve hizmetlerden sizleri ve\/veya temsil etti\u011finiz kurum ve kurulu\u015flar\u0131 faydaland\u0131rmak i\u00e7in, \u015eirketimizin ticari ve i\u015f stratejilerinin belirlenmesi ve uygulanmas\u0131, pazarlama faaliyetlerinin yap\u0131lmas\u0131, i\u015f geli\u015ftirme ve planlama faaliyetlerinin ger\u00e7ekle\u015ftirilmesi dahil ve fakat bunlarla s\u0131n\u0131rl\u0131 olmamak \u00fczere gerekli \u00e7al\u0131\u015fmalar\u0131n y\u00fcr\u00fct\u00fclmesi, \u2022 \u015eirketimiz taraf\u0131ndan y\u00fcr\u00fct\u00fclen ileti\u015fime y\u00f6nelik idari operasyonlar\u0131n y\u00fcr\u00fct\u00fclmesi, \u2022 \u015eirketimizin kullan\u0131mda olan lokasyonlar\u0131n fiziksel g\u00fcvenli\u011finin ve denetiminin sa\u011flanmas\u0131, \u2022 \u0130\u015f orta\u011f\u0131\/m\u00fc\u015fteri\/tedarik\u00e7i (yetkili veya \u00e7al\u0131\u015fanlar\u0131) ili\u015fkilerinin kurulmas\u0131, \u2022 \u0130\u015f ortaklar\u0131m\u0131z, tedarik\u00e7ilerimiz veya sair \u00fc\u00e7\u00fcnc\u00fc ki\u015filerle birlikte sunulan \u00fcr\u00fcn ve hizmetlere ili\u015fkin s\u00f6zle\u015fme gereklerinin ve finansal mutabakat\u0131n sa\u011flanmas\u0131, \u2022 \u015eirketimizin insan kaynaklar\u0131 politikalar\u0131n\u0131n y\u00fcr\u00fct\u00fclmesi, \u2022 \u015eirketimizin \u00e7a\u011fr\u0131 merkezinin aranmas\u0131 veya internet sayfas\u0131n\u0131n kullan\u0131lmas\u0131 amac\u0131yla i\u015flenecektir. \u2022 Ki\u015fisel Verilerin Toplanma Y\u00f6ntemi ve Hukuki Y\u00f6ntemi Ki\u015fisel veri sahiplerinin, \u201cFenix\u201d ile s\u00f6zle\u015fmesel veya s\u00f6zle\u015fmesiz ticari\/hukuki ili\u015fki kurmas\u0131 ve bu ticari ili\u015fkinin ifas\u0131 s\u0131ras\u0131nda, verilen ama\u00e7lar kapsam\u0131nda, s\u00f6zl\u00fc, yaz\u0131l\u0131 veya elektronik olarak her t\u00fcrl\u00fc ara\u00e7la \u201cFenix\u201din faaliyetlerini s\u00fcrd\u00fcrebilmesi i\u00e7in KVKK taraf\u0131ndan \u00f6ng\u00f6r\u00fclen temel ilkelere uygun olarak, KVKK\u2019n\u0131n 5. ve 6. maddelerinde belirtilen ki\u015fisel veri i\u015fleme \u015fartlar\u0131 do\u011frultusunda toplanabilmekte, i\u015flenebilmekte ve aktar\u0131labilmektedir. \u2022 Ki\u015fisel Verilerin Muhafaza S\u00fcresi Ki\u015fisel veri sahiplerinin bu verileri \u201cFenix\u201d ile olan ticari ili\u015fkileri\/i\u015f s\u00f6zle\u015fmeleri devam etti\u011fi s\u00fcrece veya mevzuattan kaynaklanan zorunlu s\u00fcreler \u00e7er\u00e7evesinde muhafaza edilecektir. \u2022 Ki\u015fisel Verilerin Kimlere ve Hangi Ama\u00e7la Aktar\u0131labilece\u011fi \u201cFenix\u201d yukar\u0131da belirtilen ama\u00e7lar\u0131 ger\u00e7ekle\u015ftirebilmek amac\u0131yla hukuki uyum s\u00fcreci, hukuki, mali, vergisel vb. denetimler ama\u00e7lar\u0131yla i\u015f ortaklar\u0131na, m\u00fc\u015fterilerine, tedarik\u00e7i ve \u00fcreticilerine, do\u011frudan ya da dolayl\u0131 olarak yurti\u00e7i\/yurtd\u0131\u015f\u0131 i\u015ftiraklerine, \u201cFenix\u201d i\u00e7i birimlere, i\u00e7 ve d\u0131\u015f denet\u00e7ilere ve anla\u015fmal\u0131 ba\u011f\u0131ms\u0131z denetim firmalar\u0131na, hukuk dan\u0131\u015fmanlar\u0131na, sair dan\u0131\u015fmanl\u0131k, destek veya hizmet ald\u0131\u011f\u0131 veya almay\u0131 planlad\u0131\u011f\u0131 \u00fc\u00e7\u00fcnc\u00fc ki\u015filere, di\u011fer konularda dan\u0131\u015fmanl\u0131k destek veya hizmet ald\u0131\u011f\u0131 veya almay\u0131 planlad\u0131\u011f\u0131 \u00fc\u00e7\u00fcnc\u00fc ki\u015filere (\u00e7e\u015fitli \u00fclkelerde sunucular\u0131 bulunabilecek bulut bili\u015fim hizmeti sa\u011flay\u0131c\u0131lar\u0131 da d\u00e2hil), kanunen yetkili kurum ve kurulu\u015flara ve \u00f6zel ki\u015filere, kanunun 8. ve 9. maddelerinde belirtilen ki\u015fisel veri i\u015fleme \u015fartlar\u0131 ve ama\u00e7lar\u0131 \u00e7er\u00e7evesinde aktar\u0131labilecek, yurti\u00e7inde veya yurtd\u0131\u015f\u0131nda i\u015flenebilecek ve \u201cFenix\u201d taraf\u0131ndan ayr\u0131ca s\u00f6z konusu Ki\u015fisel Veriler sair mecralar \u00fczerinden de payla\u015f\u0131labilecektir. \u2022 KVKK 11. Madde Kapsam\u0131nda Ki\u015fisel Veri Sahibinin Haklar\u0131 Herkes, \u201cFenix\u201d ba\u015fvurarak kendisiyle ilgili; Ki\u015fisel veri i\u015flenip i\u015flenmedi\u011fini \u00f6\u011frenme, ki\u015fisel verileri i\u015flenmi\u015fse buna ili\u015fkin bilgi talep etme, ki\u015fisel verilerin i\u015flenme amac\u0131n\u0131 ve bunlar\u0131n amac\u0131na uygun kullan\u0131l\u0131p kullan\u0131lmad\u0131\u011f\u0131n\u0131 \u00f6\u011frenme, Yurt i\u00e7inde veya yurt d\u0131\u015f\u0131nda ki\u015fisel verilerin aktar\u0131ld\u0131\u011f\u0131 \u00fc\u00e7\u00fcnc\u00fc ki\u015fileri bilme, ki\u015fisel verilerin eksik veya yanl\u0131\u015f i\u015flenmi\u015f olmas\u0131 h\u00e2linde bunlar\u0131n d\u00fczeltilmesini isteme, Kanunun 7\u2019nci maddesinde \u00f6ng\u00f6r\u00fclen \u015fartlar \u00e7er\u00e7evesinde ki\u015fisel verilerin silinmesini veya yok edilmesini isteme, de\u011fi\u015fiklik ve silme i\u015flemlerinin, ki\u015fisel verilerin aktar\u0131ld\u0131\u011f\u0131 \u00fc\u00e7\u00fcnc\u00fc ki\u015filere bildirilmesini isteme, \u0130\u015flenen verilerin m\u00fcnhas\u0131ran otomatik sistemler vas\u0131tas\u0131yla analiz edilmesi suretiyle ki\u015finin kendisi aleyhine bir sonucun ortaya \u00e7\u0131kmas\u0131na itiraz etme, ki\u015fisel verilerin kanuna ayk\u0131r\u0131 olarak i\u015flenmesi sebebiyle zarara u\u011framas\u0131 h\u00e2linde zarar\u0131n giderilmesini talep etme haklar\u0131na sahiptir. Ki\u015fisel veri sahibi bu haklar\u0131n\u0131 6698 Say\u0131l\u0131 Kanun kapsam\u0131nda kimli\u011finizi tevsik edici belgeler ve talebini i\u00e7eren dilek\u00e7esi ile bizzat elden veya noter kanal\u0131yla, g\u00fcvenli elektronik imza, mobil imza ya da \u201cFenix\u201de daha \u00f6nce bildirilen ve sistemimizde kay\u0131tl\u0131 bulunan elektronik posta adresini kullanmak suretiyle info@fenixgrup.com iletebilir. Belirtilen haklar\u0131n\u0131z ile ilgili talepleriniz \u201cFenix\u201d taraf\u0131ndan 30 g\u00fcn i\u00e7erisinde \u00fccretsiz olarak yan\u0131tlanacakt\u0131r<\/p>\t\t\t\t\t\t\t\t<\/div>\n\t\t\t\t<\/div>\n\t\t\t\t\t<\/div>\n\t\t<\/div>\n\t\t\t\t\t<\/div>\n\t\t<\/div>\n\t\t\t\t<\/div>\n\t\t","protected":false},"excerpt":{"rendered":"<p>KVKK AYDINLATMA METN\u0130 \u2022 Tan\u0131mlar Ki\u015fisel Veri: Kimli\u011fi belirli veya belirlenebilir ger\u00e7ek ki\u015fiye ili\u015fkin her t\u00fcrl\u00fc bilgiyi, Ki\u015fisel Verilerin Korunmas\u0131 Kanunu (\u201cKVKK\u201d): 6698 say\u0131l\u0131 Ki\u015fisel Verilerin Korunmas\u0131 Kanunu\u2019nu, \u201cFenix\u201d: Fenix Dekorasyon \u0130n\u015faat Turizm Ticaret Anonim \u015eirketi\u2019ni Bah\u00e7elievler [&hellip;]<\/p>\n","protected":false},"author":1,"featured_media":0,"parent":0,"menu_order":0,"comment_status":"closed","ping_status":"closed","template":"","meta":{"footnotes":""},"aioseo_notices":[],"_links":{"self":[{"href":"http:\/\/fenixgrup.com\/index.php\/wp-json\/wp\/v2\/pages\/7839"}],"collection":[{"href":"http:\/\/fenixgrup.com\/index.php\/wp-json\/wp\/v2\/pages"}],"about":[{"href":"http:\/\/fenixgrup.com\/index.php\/wp-json\/wp\/v2\/types\/page"}],"author":[{"embeddable":true,"href":"http:\/\/fenixgrup.com\/index.php\/wp-json\/wp\/v2\/users\/1"}],"replies":[{"embeddable":true,"href":"http:\/\/fenixgrup.com\/index.php\/wp-json\/wp\/v2\/comments?post=7839"}],"version-history":[{"count":5,"href":"http:\/\/fenixgrup.com\/index.php\/wp-json\/wp\/v2\/pages\/7839\/revisions"}],"predecessor-version":[{"id":7846,"href":"http:\/\/fenixgrup.com\/index.php\/wp-json\/wp\/v2\/pages\/7839\/revisions\/7846"}],"wp:attachment":[{"href":"http:\/\/fenixgrup.com\/index.php\/wp-json\/wp\/v2\/media?parent=7839"}],"curies":[{"name":"wp","href":"https:\/\/api.w.org\/{rel}","templated":true}]}}